{"id":391,"date":"2025-11-02T16:40:16","date_gmt":"2025-11-02T15:40:16","guid":{"rendered":"https:\/\/gls-renovation.com\/?page_id=391"},"modified":"2025-11-04T19:32:13","modified_gmt":"2025-11-04T18:32:13","slug":"renovation-services-costa-blanca","status":"publish","type":"page","link":"https:\/\/gls-renovation.com\/es\/renovation-services-costa-blanca\/","title":{"rendered":"Servicios"},"content":{"rendered":"<div data-elementor-type=\"wp-page\" data-elementor-id=\"391\" class=\"elementor elementor-391\" data-elementor-post-type=\"page\">\n\t\t\t\t\t\t<section class=\"elementor-section elementor-top-section elementor-element elementor-element-1eba4da6 elementor-section-content-middle elementor-section-full_width elementor-reverse-tablet elementor-section-height-default elementor-section-height-default\" data-id=\"1eba4da6\" data-element_type=\"section\" data-e-type=\"section\">\n\t\t\t\t\t\t<div class=\"elementor-container elementor-column-gap-no\">\n\t\t\t\t\t<div class=\"elementor-column elementor-col-100 elementor-top-column elementor-element elementor-element-19011b77\" data-id=\"19011b77\" data-element_type=\"column\" data-e-type=\"column\">\n\t\t\t<div class=\"elementor-widget-wrap elementor-element-populated\">\n\t\t\t\t\t\t<div class=\"elementor-element elementor-element-73d2a2a2 elementor-widget elementor-widget-heading\" data-id=\"73d2a2a2\" data-element_type=\"widget\" data-e-type=\"widget\" data-widget_type=\"heading.default\">\n\t\t\t\t<div class=\"elementor-widget-container\">\n\t\t\t\t\t<h1 class=\"elementor-heading-title elementor-size-default\">Bienvenido a GLS Renovation, su socio holand\u00e9s de confianza para la <b>Reforma Sostenible en la Costa Blanca<\/b><\/h1>\t\t\t\t<\/div>\n\t\t\t\t<\/div>\n\t\t\t\t\t<\/div>\n\t\t<\/div>\n\t\t\t\t\t<\/div>\n\t\t<\/section>\n\t\t\t\t<section class=\"elementor-section elementor-top-section elementor-element elementor-element-e2a303e elementor-section-content-middle elementor-section-full_width elementor-reverse-tablet elementor-section-height-default elementor-section-height-default\" data-id=\"e2a303e\" data-element_type=\"section\" data-e-type=\"section\">\n\t\t\t\t\t\t<div class=\"elementor-container elementor-column-gap-no\">\n\t\t\t\t\t<div class=\"elementor-column elementor-col-50 elementor-top-column elementor-element elementor-element-f37f345\" data-id=\"f37f345\" data-element_type=\"column\" data-e-type=\"column\">\n\t\t\t<div class=\"elementor-widget-wrap elementor-element-populated\">\n\t\t\t\t\t\t<div class=\"elementor-element elementor-element-f8a3a1d elementor-widget elementor-widget-image\" data-id=\"f8a3a1d\" data-element_type=\"widget\" data-e-type=\"widget\" data-widget_type=\"image.default\">\n\t\t\t\t<div class=\"elementor-widget-container\">\n\t\t\t\t\t\t\t\t\t\t\t\t\t\t\t<img fetchpriority=\"high\" decoding=\"async\" width=\"2048\" height=\"1365\" src=\"https:\/\/gls-renovation.com\/wp-content\/uploads\/2024\/10\/bailey-alexander-9hP7AbW64EI-unsplash-1-2048x1365.jpg\" class=\"attachment-2048x2048 size-2048x2048 wp-image-141\" alt=\"Reforma de comedor en Torrevieja, Costa Blanca\" srcset=\"\" sizes=\"(max-width: 2048px) 100vw, 2048px\" data-srcset=\"\" \/>\t\t\t\t\t\t\t\t\t\t\t\t\t\t\t<\/div>\n\t\t\t\t<\/div>\n\t\t\t\t\t<\/div>\n\t\t<\/div>\n\t\t\t\t<div class=\"elementor-column elementor-col-50 elementor-top-column elementor-element elementor-element-4ef1008\" data-id=\"4ef1008\" data-element_type=\"column\" data-e-type=\"column\">\n\t\t\t<div class=\"elementor-widget-wrap elementor-element-populated\">\n\t\t\t\t\t\t<div class=\"elementor-element elementor-element-45448bf elementor-widget elementor-widget-text-editor\" data-id=\"45448bf\" data-element_type=\"widget\" data-e-type=\"widget\" data-widget_type=\"text-editor.default\">\n\t\t\t\t<div class=\"elementor-widget-container\">\n\t\t\t\t\t\t\t\t\t<p>Muchas viviendas existentes en toda Espa\u00f1a, especialmente en la regi\u00f3n de Alicante, no fueron construidas con est\u00e1ndares modernos de aislamiento y <a href=\"https:\/\/www.idae.es\/en\/technologies\/energy-efficiency\/building\" target=\"_blank\" rel=\"noopener\">, eficiencia energ\u00e9tica<\/a>. Esto a menudo resulta en cambios de temperatura inc\u00f3modos, dependencia de costosos aires acondicionados y facturas de servicios p\u00fablicos innecesariamente altas.<\/p>\t\t\t\t\t\t\t\t<\/div>\n\t\t\t\t<\/div>\n\t\t\t\t<div class=\"elementor-element elementor-element-df458d6 elementor-widget elementor-widget-text-editor\" data-id=\"df458d6\" data-element_type=\"widget\" data-e-type=\"widget\" data-widget_type=\"text-editor.default\">\n\t\t\t\t<div class=\"elementor-widget-container\">\n\t\t\t\t\t\t\t\t\t<p>Como contratista holand\u00e9s especializado, aportamos a su propiedad en Espa\u00f1a a\u00f1os de experiencia de los Pa\u00edses Bajos, un l\u00edder en pr\u00e1cticas de construcci\u00f3n ecol\u00f3gicas. Nuestra misi\u00f3n principal es transformar su vivienda actual en un refugio c\u00f3modo, econ\u00f3mico y consciente con el medio ambiente. Nos centramos en el valor a largo plazo, asegurando que pueda disfrutar plenamente del estilo de vida mediterr\u00e1neo sin los altos costes generales de una propiedad ineficiente.<\/p>\t\t\t\t\t\t\t\t<\/div>\n\t\t\t\t<\/div>\n\t\t\t\t\t<\/div>\n\t\t<\/div>\n\t\t\t\t\t<\/div>\n\t\t<\/section>\n\t\t\t\t<section class=\"elementor-section elementor-top-section elementor-element elementor-element-12bd57a elementor-section-content-middle elementor-section-full_width elementor-section-height-default elementor-section-height-default\" data-id=\"12bd57a\" data-element_type=\"section\" data-e-type=\"section\">\n\t\t\t\t\t\t<div class=\"elementor-container elementor-column-gap-no\">\n\t\t\t\t\t<div class=\"elementor-column elementor-col-100 elementor-top-column elementor-element elementor-element-2378f81a\" data-id=\"2378f81a\" data-element_type=\"column\" data-e-type=\"column\">\n\t\t\t<div class=\"elementor-widget-wrap elementor-element-populated\">\n\t\t\t\t\t\t<div class=\"elementor-element elementor-element-25f5970f elementor-widget elementor-widget-heading\" data-id=\"25f5970f\" data-element_type=\"widget\" data-e-type=\"widget\" data-widget_type=\"heading.default\">\n\t\t\t\t<div class=\"elementor-widget-container\">\n\t\t\t\t\t<h2 class=\"elementor-heading-title elementor-size-default\">Por Qu\u00e9 Hacer que Su Vivienda Sea Sostenible en Espa\u00f1a?<\/h2>\t\t\t\t<\/div>\n\t\t\t\t<\/div>\n\t\t\t\t<div class=\"elementor-element elementor-element-55f66561 elementor-widget elementor-widget-text-editor\" data-id=\"55f66561\" data-element_type=\"widget\" data-e-type=\"widget\" data-widget_type=\"text-editor.default\">\n\t\t\t\t<div class=\"elementor-widget-container\">\n\t\t\t\t\t\t\t\t\t<p>Invertir en mejoras de eficiencia energ\u00e9tica es la decisi\u00f3n m\u00e1s inteligente para su Reforma en la Costa Blanca. No solo aumenta inmediatamente el confort de la vivienda, sino que tambi\u00e9n impulsa significativamente el valor de mercado de su propiedad, haci\u00e9ndola muy atractiva para los compradores internacionales.<\/p><ul><li><p><strong>Menores Costos de Energ\u00eda: Ahorre hasta un 50% en sus facturas de aire acondicionado y calefacci\u00f3n.<\/strong><\/p><\/li><li><p><strong>Confort \u00d3ptimo: Mantenga una temperatura interior estable, independientemente de la estaci\u00f3n.<\/strong><\/p><\/li><li><p><strong>Ecol\u00f3gico: Reduzca su huella de carbono mediante menores emisiones de CO2.<\/strong><\/p><\/li><li><p><strong>Mayor Valor Inmobiliario: Las viviendas eficientes son muy demandadas en el mercado internacional.<\/strong><\/p><\/li><\/ul>\t\t\t\t\t\t\t\t<\/div>\n\t\t\t\t<\/div>\n\t\t\t\t<div class=\"elementor-element elementor-element-06c36c9 elementor-widget elementor-widget-text-editor\" data-id=\"06c36c9\" data-element_type=\"widget\" data-e-type=\"widget\" data-widget_type=\"text-editor.default\">\n\t\t\t\t<div class=\"elementor-widget-container\">\n\t\t\t\t\t\t\t\t\t<p>El sol espa\u00f1ol es un recurso, y nuestros servicios de reforma sostenible garantizan que lo aproveche de manera eficiente, manteniendo su interior fresco en verano y c\u00e1lido en invierno.<\/p>\t\t\t\t\t\t\t\t<\/div>\n\t\t\t\t<\/div>\n\t\t\t\t\t<\/div>\n\t\t<\/div>\n\t\t\t\t\t<\/div>\n\t\t<\/section>\n\t\t\t\t<section class=\"elementor-section elementor-top-section elementor-element elementor-element-86d5802 elementor-section-content-middle elementor-section-full_width elementor-section-height-default elementor-section-height-default\" data-id=\"86d5802\" data-element_type=\"section\" data-e-type=\"section\">\n\t\t\t\t\t\t<div class=\"elementor-container elementor-column-gap-no\">\n\t\t\t\t\t<div class=\"elementor-column elementor-col-100 elementor-top-column elementor-element elementor-element-c6e8b9b\" data-id=\"c6e8b9b\" data-element_type=\"column\" data-e-type=\"column\">\n\t\t\t<div class=\"elementor-widget-wrap elementor-element-populated\">\n\t\t\t\t\t\t<div class=\"elementor-element elementor-element-f9e0a17 elementor-widget elementor-widget-heading\" data-id=\"f9e0a17\" data-element_type=\"widget\" data-e-type=\"widget\" data-widget_type=\"heading.default\">\n\t\t\t\t<div class=\"elementor-widget-container\">\n\t\t\t\t\t<h2 class=\"elementor-heading-title elementor-size-default\">Nuestras Soluciones de Servicio Integral para la Reforma Sostenible<\/h2>\t\t\t\t<\/div>\n\t\t\t\t<\/div>\n\t\t\t\t<div class=\"elementor-element elementor-element-cba511e elementor-widget elementor-widget-text-editor\" data-id=\"cba511e\" data-element_type=\"widget\" data-e-type=\"widget\" data-widget_type=\"text-editor.default\">\n\t\t\t\t<div class=\"elementor-widget-container\">\n\t\t\t\t\t\t\t\t\t<p>Ofrecemos soluciones especializadas dise\u00f1adas espec\u00edficamente para los desaf\u00edos del clima Mediterr\u00e1neo, combinando est\u00e1ndares de calidad europeos con experiencia en construcci\u00f3n local.<\/p>\t\t\t\t\t\t\t\t<\/div>\n\t\t\t\t<\/div>\n\t\t\t\t\t<\/div>\n\t\t<\/div>\n\t\t\t\t\t<\/div>\n\t\t<\/section>\n\t\t\t\t<section class=\"elementor-section elementor-top-section elementor-element elementor-element-4c6aaf6 elementor-section-content-middle elementor-section-full_width elementor-section-height-default elementor-section-height-default\" data-id=\"4c6aaf6\" data-element_type=\"section\" data-e-type=\"section\">\n\t\t\t\t\t\t<div class=\"elementor-container elementor-column-gap-no\">\n\t\t\t\t\t<div class=\"elementor-column elementor-col-33 elementor-top-column elementor-element elementor-element-e34744e\" data-id=\"e34744e\" data-element_type=\"column\" data-e-type=\"column\">\n\t\t\t<div class=\"elementor-widget-wrap elementor-element-populated\">\n\t\t\t\t\t\t<div class=\"elementor-element elementor-element-db6cf53 elementor-widget elementor-widget-heading\" data-id=\"db6cf53\" data-element_type=\"widget\" data-e-type=\"widget\" data-widget_type=\"heading.default\">\n\t\t\t\t<div class=\"elementor-widget-container\">\n\t\t\t\t\t<h3 class=\"elementor-heading-title elementor-size-default\">Aislamiento Interior de Paredes y Techos: Confort Consistente<\/h3>\t\t\t\t<\/div>\n\t\t\t\t<\/div>\n\t\t\t\t<div class=\"elementor-element elementor-element-f447519 elementor-widget elementor-widget-text-editor\" data-id=\"f447519\" data-element_type=\"widget\" data-e-type=\"widget\" data-widget_type=\"text-editor.default\">\n\t\t\t\t<div class=\"elementor-widget-container\">\n\t\t\t\t\t\t\t\t\t<p>Muchas viviendas espa\u00f1olas tradicionales carecen de un aislamiento adecuado en paredes y techos, lo que provoca una enorme ganancia y p\u00e9rdida de calor. Instalamos sistemas de aislamiento interior de alto rendimiento, utilizando materiales m\u00e1s adecuados para el entorno costero h\u00famedo, como poliuretano de alta densidad o lana mineral de calidad. Este proceso crea una envoltura t\u00e9rmica, asegurando que una vez que enfr\u00ede o caliente su hogar, la temperatura se mantenga constante, reduciendo dr\u00e1sticamente el tiempo de funcionamiento de sus unidades de aire acondicionado y mejorando su nivel general de confort en la regi\u00f3n de la Costa Blanca.<\/p>\t\t\t\t\t\t\t\t<\/div>\n\t\t\t\t<\/div>\n\t\t\t\t\t<\/div>\n\t\t<\/div>\n\t\t\t\t<div class=\"elementor-column elementor-col-33 elementor-top-column elementor-element elementor-element-1f9265f\" data-id=\"1f9265f\" data-element_type=\"column\" data-e-type=\"column\">\n\t\t\t<div class=\"elementor-widget-wrap elementor-element-populated\">\n\t\t\t\t\t\t<div class=\"elementor-element elementor-element-20c5048 elementor-widget elementor-widget-heading\" data-id=\"20c5048\" data-element_type=\"widget\" data-e-type=\"widget\" data-widget_type=\"heading.default\">\n\t\t\t\t<div class=\"elementor-widget-container\">\n\t\t\t\t\t<h3 class=\"elementor-heading-title elementor-size-default\">Ventanas y Puertas de Alto Rendimiento<\/h3>\t\t\t\t<\/div>\n\t\t\t\t<\/div>\n\t\t\t\t<div class=\"elementor-element elementor-element-0220f47 elementor-widget elementor-widget-text-editor\" data-id=\"0220f47\" data-element_type=\"widget\" data-e-type=\"widget\" data-widget_type=\"text-editor.default\">\n\t\t\t\t<div class=\"elementor-widget-container\">\n\t\t\t\t\t\t\t\t\t<p>Reemplazar el vidrio simple antiguo o el doble acristalamiento est\u00e1ndar es a menudo el paso de reforma m\u00e1s rentable para obtener ahorros inmediatos. Instalamos las \u00faltimas ventanas HR++ (Alta Eficiencia) con vidrio de baja emisividad y marcos de m\u00faltiples c\u00e1maras. Estos sistemas modernos sellan perfectamente contra la humedad, el viento y el calor exterior, proporcionando adem\u00e1s un aislamiento ac\u00fastico superior. Esto garantiza confort, silencio y reducciones significativas en la factura energ\u00e9tica de su apartamento o vivienda en la Costa Blanca.<\/p>\t\t\t\t\t\t\t\t<\/div>\n\t\t\t\t<\/div>\n\t\t\t\t\t<\/div>\n\t\t<\/div>\n\t\t\t\t<div class=\"elementor-column elementor-col-33 elementor-top-column elementor-element elementor-element-a96fa91\" data-id=\"a96fa91\" data-element_type=\"column\" data-e-type=\"column\">\n\t\t\t<div class=\"elementor-widget-wrap elementor-element-populated\">\n\t\t\t\t\t\t<div class=\"elementor-element elementor-element-56c707f elementor-widget elementor-widget-heading\" data-id=\"56c707f\" data-element_type=\"widget\" data-e-type=\"widget\" data-widget_type=\"heading.default\">\n\t\t\t\t<div class=\"elementor-widget-container\">\n\t\t\t\t\t<h3 class=\"elementor-heading-title elementor-size-default\">Sistemas de Energ\u00eda Sostenible<\/h3>\t\t\t\t<\/div>\n\t\t\t\t<\/div>\n\t\t\t\t<div class=\"elementor-element elementor-element-6cfefd2 elementor-widget elementor-widget-text-editor\" data-id=\"6cfefd2\" data-element_type=\"widget\" data-e-type=\"widget\" data-widget_type=\"text-editor.default\">\n\t\t\t\t<div class=\"elementor-widget-container\">\n\t\t\t\t\t\t\t\t\t<p>Para los clientes que buscan la m\u00e1xima independencia y eficiencia, asesoramos sobre la integraci\u00f3n de tecnolog\u00eda de energ\u00eda renovable. Esto incluye:<\/p><p>Bombas de Calor de Alta Eficiencia: Suministro de sistemas optimizados tanto para refrigeraci\u00f3n como para calefacci\u00f3n, utilizando tecnolog\u00eda espa\u00f1ola moderna.<\/p><p>Paneles Solares (Zonnepanelen): Dise\u00f1o de soluciones solares personalizadas para la generaci\u00f3n de electricidad, lo que le permite reducir dr\u00e1sticamente los gastos mensuales y contribuir a un medio ambiente m\u00e1s verde en el \u00e1rea de Alicante. Gestionamos la instalaci\u00f3n y los permisos locales para una transici\u00f3n sin problemas.<\/p>\t\t\t\t\t\t\t\t<\/div>\n\t\t\t\t<\/div>\n\t\t\t\t\t<\/div>\n\t\t<\/div>\n\t\t\t\t\t<\/div>\n\t\t<\/section>\n\t\t\t\t<section class=\"elementor-section elementor-top-section elementor-element elementor-element-42bf054 elementor-section-content-middle elementor-section-full_width elementor-section-height-default elementor-section-height-default\" data-id=\"42bf054\" data-element_type=\"section\" data-e-type=\"section\">\n\t\t\t\t\t\t<div class=\"elementor-container elementor-column-gap-no\">\n\t\t\t\t\t<div class=\"elementor-column elementor-col-100 elementor-top-column elementor-element elementor-element-46d0e50\" data-id=\"46d0e50\" data-element_type=\"column\" data-e-type=\"column\">\n\t\t\t<div class=\"elementor-widget-wrap elementor-element-populated\">\n\t\t\t\t\t\t<div class=\"elementor-element elementor-element-073eb00 elementor-widget elementor-widget-heading\" data-id=\"073eb00\" data-element_type=\"widget\" data-e-type=\"widget\" data-widget_type=\"heading.default\">\n\t\t\t\t<div class=\"elementor-widget-container\">\n\t\t\t\t\t<h2 class=\"elementor-heading-title elementor-size-default\">Por Qu\u00e9 Elegir GLS Renovation para Su Reforma en la Costa Blanca?<\/h2>\t\t\t\t<\/div>\n\t\t\t\t<\/div>\n\t\t\t\t<div class=\"elementor-element elementor-element-a0af91c elementor-widget elementor-widget-text-editor\" data-id=\"a0af91c\" data-element_type=\"widget\" data-e-type=\"widget\" data-widget_type=\"text-editor.default\">\n\t\t\t\t<div class=\"elementor-widget-container\">\n\t\t\t\t\t\t\t\t\t<p>Elegir el socio de construcci\u00f3n adecuado para su Reforma Sostenible en la Costa Blanca es esencial para el \u00e9xito del proyecto y su tranquilidad. Como equipo holand\u00e9s, garantizamos <a href=\"https:\/\/gls-renovation.com\/es\/about\/\">, est\u00e1ndares de calidad europeos meticulosos<\/a>, comunicaci\u00f3n transparente durante todo el proceso y un estricto cumplimiento de los plazos del proyecto \u2014 eliminando costosos retrasos y problemas inesperados que a menudo se encuentran con contratistas menos experimentados en Espa\u00f1a. Nuestro enfoque especializado en la eficiencia energ\u00e9tica significa que toda su vivienda, desde el aislamiento hasta las ventanas, est\u00e1 preparada para el futuro contra el aumento de los costes de los servicios p\u00fablicos. Gestionamos todo el ciclo de vida del proyecto, desde la <a href=\"https:\/\/gls-renovation.com\/es\/contact\/\">, consulta inicial<\/a> , y el dise\u00f1o hasta la obtenci\u00f3n de permisos y la ejecuci\u00f3n final.<\/p><p><b>Estamos listos para llevar nuestra profunda experiencia en remodelaci\u00f3n de viviendas a su propiedad en Alicante y ayudarle a empezar a ahorrar energ\u00eda hoy mismo.<\/b><\/p>\t\t\t\t\t\t\t\t<\/div>\n\t\t\t\t<\/div>\n\t\t\t\t\t<\/div>\n\t\t<\/div>\n\t\t\t\t\t<\/div>\n\t\t<\/section>\n\t\t\t\t<section class=\"elementor-section elementor-top-section elementor-element elementor-element-74b3e7f4 elementor-section-content-middle elementor-reverse-tablet elementor-reverse-mobile elementor-section-boxed elementor-section-height-default elementor-section-height-default\" data-id=\"74b3e7f4\" data-element_type=\"section\" data-e-type=\"section\">\n\t\t\t\t\t\t<div class=\"elementor-container elementor-column-gap-no\">\n\t\t\t\t\t<div class=\"elementor-column elementor-col-100 elementor-top-column elementor-element elementor-element-9746bd1\" data-id=\"9746bd1\" data-element_type=\"column\" data-e-type=\"column\">\n\t\t\t<div class=\"elementor-widget-wrap elementor-element-populated\">\n\t\t\t\t\t\t<div class=\"elementor-element elementor-element-6974c77e elementor-widget elementor-widget-heading\" data-id=\"6974c77e\" data-element_type=\"widget\" data-e-type=\"widget\" data-widget_type=\"heading.default\">\n\t\t\t\t<div class=\"elementor-widget-container\">\n\t\t\t\t\t<h3 class=\"elementor-heading-title elementor-size-default\">Listo para hacer su hogar m\u00e1s eficiente?<\/h3>\t\t\t\t<\/div>\n\t\t\t\t<\/div>\n\t\t\t\t<div class=\"elementor-element elementor-element-682661c9 elementor-align-center elementor-mobile-align-center elementor-widget elementor-widget-button\" data-id=\"682661c9\" data-element_type=\"widget\" data-e-type=\"widget\" data-widget_type=\"button.default\">\n\t\t\t\t<div class=\"elementor-widget-container\">\n\t\t\t\t\t\t\t\t\t<div class=\"elementor-button-wrapper\">\n\t\t\t\t\t<a class=\"elementor-button elementor-button-link elementor-size-sm\" href=\"https:\/\/gls-renovation.com\/es\/contact\/\">\n\t\t\t\t\t\t<span class=\"elementor-button-content-wrapper\">\n\t\t\t\t\t\t\t\t\t<span class=\"elementor-button-text\">Contacto<\/span>\n\t\t\t\t\t<\/span>\n\t\t\t\t\t<\/a>\n\t\t\t\t<\/div>\n\t\t\t\t\t\t\t\t<\/div>\n\t\t\t\t<\/div>\n\t\t\t\t\t<\/div>\n\t\t<\/div>\n\t\t\t\t\t<\/div>\n\t\t<\/section>\n\t\t\t\t<\/div>","protected":false},"excerpt":{"rendered":"<p>Welcome to GLS Renovation, your trusted Dutch partner for Sustainable Renovation Costa Blanca Many existing homes throughout Spain, especially in the Alicante region, were not built to modern insulation and energy efficiency standards. This often results in uncomfortable temperature swings, reliance on expensive air conditioning, and unnecessarily high utility bills. As a specialist Dutch contractor, [&hellip;]<\/p>\n","protected":false},"author":3,"featured_media":0,"parent":0,"menu_order":0,"comment_status":"closed","ping_status":"closed","template":"","meta":{"footnotes":""},"class_list":["post-391","page","type-page","status-publish","hentry"],"_links":{"self":[{"href":"https:\/\/gls-renovation.com\/es\/wp-json\/wp\/v2\/pages\/391","targetHints":{"allow":["GET"]}}],"collection":[{"href":"https:\/\/gls-renovation.com\/es\/wp-json\/wp\/v2\/pages"}],"about":[{"href":"https:\/\/gls-renovation.com\/es\/wp-json\/wp\/v2\/types\/page"}],"author":[{"embeddable":true,"href":"https:\/\/gls-renovation.com\/es\/wp-json\/wp\/v2\/users\/3"}],"replies":[{"embeddable":true,"href":"https:\/\/gls-renovation.com\/es\/wp-json\/wp\/v2\/comments?post=391"}],"version-history":[{"count":57,"href":"https:\/\/gls-renovation.com\/es\/wp-json\/wp\/v2\/pages\/391\/revisions"}],"predecessor-version":[{"id":577,"href":"https:\/\/gls-renovation.com\/es\/wp-json\/wp\/v2\/pages\/391\/revisions\/577"}],"wp:attachment":[{"href":"https:\/\/gls-renovation.com\/es\/wp-json\/wp\/v2\/media?parent=391"}],"curies":[{"name":"wp","href":"https:\/\/api.w.org\/{rel}","templated":true}]}}