{"id":8,"date":"2024-10-07T12:52:25","date_gmt":"2024-10-07T10:52:25","guid":{"rendered":"https:\/\/gls-renovation.com\/?page_id=8"},"modified":"2025-11-04T19:31:20","modified_gmt":"2025-11-04T18:31:20","slug":"home","status":"publish","type":"page","link":"https:\/\/gls-renovation.com\/es\/home\/","title":{"rendered":"Home_Old"},"content":{"rendered":"<div data-elementor-type=\"wp-page\" data-elementor-id=\"8\" class=\"elementor elementor-8\" data-elementor-post-type=\"page\">\n\t\t\t\t\t\t<section class=\"elementor-section elementor-top-section elementor-element elementor-element-c941de7 elementor-hidden-mobile elementor-section-height-min-height elementor-section-boxed elementor-section-height-default elementor-section-items-middle\" data-id=\"c941de7\" data-element_type=\"section\" data-e-type=\"section\">\n\t\t\t\t\t\t<div class=\"elementor-container elementor-column-gap-no\">\n\t\t\t\t\t<div class=\"elementor-column elementor-col-100 elementor-top-column elementor-element elementor-element-7f07060\" data-id=\"7f07060\" data-element_type=\"column\" data-e-type=\"column\">\n\t\t\t<div class=\"elementor-widget-wrap elementor-element-populated\">\n\t\t\t\t\t\t<div class=\"elementor-element elementor-element-96dd083 elementor-widget elementor-widget-video\" data-id=\"96dd083\" data-element_type=\"widget\" data-e-type=\"widget\" data-settings=\"{&quot;video_type&quot;:&quot;hosted&quot;,&quot;autoplay&quot;:&quot;yes&quot;,&quot;play_on_mobile&quot;:&quot;yes&quot;,&quot;mute&quot;:&quot;yes&quot;,&quot;loop&quot;:&quot;yes&quot;,&quot;controls&quot;:&quot;yes&quot;}\" data-widget_type=\"video.default\">\n\t\t\t\t<div class=\"elementor-widget-container\">\n\t\t\t\t\t\t\t<div class=\"e-hosted-video elementor-wrapper elementor-open-inline\">\n\t\t\t\t\t<video class=\"elementor-video\" src=\"https:\/\/gls-renovation.com\/wp-content\/uploads\/2025\/10\/DJI_20250529130315_0440_D-1.mp4\" autoplay=\"\" loop=\"\" controls=\"\" muted=\"muted\" playsinline=\"\" controlslist=\"nodownload\"><\/video>\n\t\t\t\t<\/div>\n\t\t\t\t\t\t<\/div>\n\t\t\t\t<\/div>\n\t\t\t\t\t<\/div>\n\t\t<\/div>\n\t\t\t\t\t<\/div>\n\t\t<\/section>\n\t\t\t\t<section class=\"elementor-section elementor-top-section elementor-element elementor-element-b339a8a elementor-section-full_width elementor-hidden-desktop elementor-hidden-tablet elementor-section-height-default elementor-section-height-default\" data-id=\"b339a8a\" data-element_type=\"section\" data-e-type=\"section\">\n\t\t\t\t\t\t<div class=\"elementor-container elementor-column-gap-no\">\n\t\t\t\t\t<div class=\"elementor-column elementor-col-100 elementor-top-column elementor-element elementor-element-22e80c4\" data-id=\"22e80c4\" data-element_type=\"column\" data-e-type=\"column\">\n\t\t\t<div class=\"elementor-widget-wrap elementor-element-populated\">\n\t\t\t\t\t\t<div class=\"elementor-element elementor-element-1f1ad31 elementor-widget elementor-widget-video\" data-id=\"1f1ad31\" data-element_type=\"widget\" data-e-type=\"widget\" data-settings=\"{&quot;video_type&quot;:&quot;hosted&quot;,&quot;autoplay&quot;:&quot;yes&quot;,&quot;mute&quot;:&quot;yes&quot;,&quot;loop&quot;:&quot;yes&quot;,&quot;play_on_mobile&quot;:&quot;yes&quot;,&quot;controls&quot;:&quot;yes&quot;}\" data-widget_type=\"video.default\">\n\t\t\t\t<div class=\"elementor-widget-container\">\n\t\t\t\t\t\t\t<div class=\"e-hosted-video elementor-wrapper elementor-open-inline\">\n\t\t\t\t\t<video class=\"elementor-video\" src=\"https:\/\/gls-renovation.com\/wp-content\/uploads\/2025\/10\/038e2bf840a94e63adbc381798aeeaab.mov\" autoplay=\"\" loop=\"\" controls=\"\" muted=\"muted\" playsinline=\"\" controlslist=\"nodownload\"><\/video>\n\t\t\t\t<\/div>\n\t\t\t\t\t\t<\/div>\n\t\t\t\t<\/div>\n\t\t\t\t\t<\/div>\n\t\t<\/div>\n\t\t\t\t\t<\/div>\n\t\t<\/section>\n\t\t\t\t<section class=\"elementor-section elementor-top-section elementor-element elementor-element-65453b2 elementor-section-boxed elementor-section-height-default elementor-section-height-default\" data-id=\"65453b2\" data-element_type=\"section\" data-e-type=\"section\">\n\t\t\t\t\t\t<div class=\"elementor-container elementor-column-gap-default\">\n\t\t\t\t\t<div class=\"elementor-column elementor-col-100 elementor-top-column elementor-element elementor-element-d96e1d4\" data-id=\"d96e1d4\" data-element_type=\"column\" data-e-type=\"column\">\n\t\t\t<div class=\"elementor-widget-wrap elementor-element-populated\">\n\t\t\t\t\t\t<div class=\"elementor-element elementor-element-361d502 elementor-widget elementor-widget-heading\" data-id=\"361d502\" data-element_type=\"widget\" data-e-type=\"widget\" data-widget_type=\"heading.default\">\n\t\t\t\t<div class=\"elementor-widget-container\">\n\t\t\t\t\t<h2 class=\"elementor-heading-title elementor-size-default\">Reformas profesionales de viviendas en la Costa Blanca<\/h2>\t\t\t\t<\/div>\n\t\t\t\t<\/div>\n\t\t\t\t\t<\/div>\n\t\t<\/div>\n\t\t\t\t\t<\/div>\n\t\t<\/section>\n\t\t\t\t<section class=\"elementor-section elementor-top-section elementor-element elementor-element-73fb246 elementor-hidden-desktop elementor-hidden-tablet elementor-section-boxed elementor-section-height-default elementor-section-height-default\" data-id=\"73fb246\" data-element_type=\"section\" data-e-type=\"section\">\n\t\t\t\t\t\t<div class=\"elementor-container elementor-column-gap-default\">\n\t\t\t\t\t<div class=\"elementor-column elementor-col-100 elementor-top-column elementor-element elementor-element-a2aac1e\" data-id=\"a2aac1e\" data-element_type=\"column\" data-e-type=\"column\">\n\t\t\t<div class=\"elementor-widget-wrap elementor-element-populated\">\n\t\t\t\t\t\t<div class=\"elementor-element elementor-element-1cc4ac3 elementor-widget elementor-widget-text-editor\" data-id=\"1cc4ac3\" data-element_type=\"widget\" data-e-type=\"widget\" data-widget_type=\"text-editor.default\">\n\t\t\t\t<div class=\"elementor-widget-container\">\n\t\t\t\t\t\t\t\t\t<p>GLS Renovation hace que tu apartamento sea ecol\u00f3gico y lo renueva como nuevo, para que puedas disfrutar de las vibrantes ciudades o playas cercanas. Ya sea que est\u00e9s buscando renovar tu cocina, actualizar tu ba\u00f1o o darle un nuevo aspecto a todo tu apartamento, nos aseguramos de que cada detalle se alinee con tu visi\u00f3n y valores. Con tu hogar revitalizado, puedes adoptar por completo el estilo de vida vibrante que ofrecen las ciudades y playas cercanas, disfrutando de todas las aventuras que tienen para ofrecer.\u00a0<\/p><p>Nuestro experimentado equipo se enorgullece de ofrecer renovaciones de alta calidad adaptadas a sus necesidades espec\u00edficas. Nos mantenemos actualizados sobre las \u00faltimas tendencias y tecnolog\u00edas ecol\u00f3gicas, lo que garantiza que su apartamento no solo sea elegante, sino tambi\u00e9n energ\u00e9ticamente eficiente. Desde el concepto hasta la finalizaci\u00f3n, trabajamos en estrecha colaboraci\u00f3n con usted para darle vida a sus ideas, centr\u00e1ndonos en la durabilidad y la sostenibilidad sin comprometer la est\u00e9tica.\u00a0<\/p>\t\t\t\t\t\t\t\t<\/div>\n\t\t\t\t<\/div>\n\t\t\t\t\t<\/div>\n\t\t<\/div>\n\t\t\t\t\t<\/div>\n\t\t<\/section>\n\t\t\t\t<section class=\"elementor-section elementor-top-section elementor-element elementor-element-8ecbd66 elementor-hidden-mobile elementor-section-boxed elementor-section-height-default elementor-section-height-default\" data-id=\"8ecbd66\" data-element_type=\"section\" data-e-type=\"section\">\n\t\t\t\t\t\t<div class=\"elementor-container elementor-column-gap-default\">\n\t\t\t\t\t<div class=\"elementor-column elementor-col-25 elementor-top-column elementor-element elementor-element-a667e63\" data-id=\"a667e63\" data-element_type=\"column\" data-e-type=\"column\">\n\t\t\t<div class=\"elementor-widget-wrap elementor-element-populated\">\n\t\t\t\t\t\t<div class=\"elementor-element elementor-element-f308893 elementor-widget elementor-widget-text-editor\" data-id=\"f308893\" data-element_type=\"widget\" data-e-type=\"widget\" data-widget_type=\"text-editor.default\">\n\t\t\t\t<div class=\"elementor-widget-container\">\n\t\t\t\t\t\t\t\t\t<p class=\"p1\">GLS Renovation hace que tu apartamento sea ecol\u00f3gico y lo renueva como nuevo, para que puedas disfrutar de las vibrantes ciudades o playas cercanas. Ya sea que est\u00e9s buscando renovar tu cocina, actualizar tu ba\u00f1o o darle un nuevo aspecto a todo tu apartamento, nos aseguramos de que cada detalle se alinee con tu visi\u00f3n y valores. Con tu hogar revitalizado, puedes adoptar por completo el estilo de vida vibrante que ofrecen las ciudades y playas cercanas, disfrutando de todas las aventuras que tienen para ofrecer.<\/p>\t\t\t\t\t\t\t\t<\/div>\n\t\t\t\t<\/div>\n\t\t\t\t\t<\/div>\n\t\t<\/div>\n\t\t\t\t<div class=\"elementor-column elementor-col-25 elementor-top-column elementor-element elementor-element-677412a\" data-id=\"677412a\" data-element_type=\"column\" data-e-type=\"column\">\n\t\t\t<div class=\"elementor-widget-wrap elementor-element-populated\">\n\t\t\t\t\t\t<div class=\"elementor-element elementor-element-ea18e80 elementor-widget elementor-widget-text-editor\" data-id=\"ea18e80\" data-element_type=\"widget\" data-e-type=\"widget\" data-widget_type=\"text-editor.default\">\n\t\t\t\t<div class=\"elementor-widget-container\">\n\t\t\t\t\t\t\t\t\t<p class=\"p1\">Nuestro experimentado equipo se enorgullece de ofrecer renovaciones de alta calidad adaptadas a sus necesidades espec\u00edficas. Nos mantenemos actualizados sobre las \u00faltimas tendencias y tecnolog\u00edas ecol\u00f3gicas, lo que garantiza que su apartamento no solo sea elegante, sino tambi\u00e9n energ\u00e9ticamente eficiente. Desde el concepto hasta la finalizaci\u00f3n, trabajamos en estrecha colaboraci\u00f3n con usted para darle vida a sus ideas, centr\u00e1ndonos en la durabilidad y la sostenibilidad sin comprometer la est\u00e9tica.\u00a0<\/p>\t\t\t\t\t\t\t\t<\/div>\n\t\t\t\t<\/div>\n\t\t\t\t\t<\/div>\n\t\t<\/div>\n\t\t\t\t<div class=\"elementor-column elementor-col-50 elementor-top-column elementor-element elementor-element-e8f810f\" data-id=\"e8f810f\" data-element_type=\"column\" data-e-type=\"column\">\n\t\t\t<div class=\"elementor-widget-wrap\">\n\t\t\t\t\t\t\t<\/div>\n\t\t<\/div>\n\t\t\t\t\t<\/div>\n\t\t<\/section>\n\t\t\t\t<section class=\"elementor-section elementor-top-section elementor-element elementor-element-41cf6f4 elementor-section-boxed elementor-section-height-default elementor-section-height-default\" data-id=\"41cf6f4\" data-element_type=\"section\" data-e-type=\"section\">\n\t\t\t\t\t\t<div class=\"elementor-container elementor-column-gap-default\">\n\t\t\t\t\t<div class=\"elementor-column elementor-col-25 elementor-top-column elementor-element elementor-element-f7fa6a8\" data-id=\"f7fa6a8\" data-element_type=\"column\" data-e-type=\"column\">\n\t\t\t<div class=\"elementor-widget-wrap elementor-element-populated\">\n\t\t\t\t\t\t<div class=\"elementor-element elementor-element-6a1b846 elementor-widget elementor-widget-image\" data-id=\"6a1b846\" data-element_type=\"widget\" data-e-type=\"widget\" data-widget_type=\"image.default\">\n\t\t\t\t<div class=\"elementor-widget-container\">\n\t\t\t\t\t\t\t\t\t\t\t\t\t\t\t<img decoding=\"async\" src=\"https:\/\/gls-renovation.com\/wp-content\/uploads\/elementor\/thumbs\/GLS-Renovation-Spain--rd8qayw1h8np1a2o4z4umb3jhjc3kq94p8y4ttnb44.png\" title=\"home renovation in Alicante\" alt=\"home renovation in Alicante In progress\" loading=\"lazy\" \/>\t\t\t\t\t\t\t\t\t\t\t\t\t\t\t<\/div>\n\t\t\t\t<\/div>\n\t\t\t\t\t<\/div>\n\t\t<\/div>\n\t\t\t\t<div class=\"elementor-column elementor-col-25 elementor-top-column elementor-element elementor-element-e34aec4\" data-id=\"e34aec4\" data-element_type=\"column\" data-e-type=\"column\">\n\t\t\t<div class=\"elementor-widget-wrap elementor-element-populated\">\n\t\t\t\t\t\t<div class=\"elementor-element elementor-element-26d0c46 elementor-widget elementor-widget-heading\" data-id=\"26d0c46\" data-element_type=\"widget\" data-e-type=\"widget\" data-widget_type=\"heading.default\">\n\t\t\t\t<div class=\"elementor-widget-container\">\n\t\t\t\t\t<h2 class=\"elementor-heading-title elementor-size-default\">Sus expertos en reformas en la Costa Blanca<\/h2>\t\t\t\t<\/div>\n\t\t\t\t<\/div>\n\t\t\t\t<div class=\"elementor-element elementor-element-eec2987 elementor-widget elementor-widget-text-editor\" data-id=\"eec2987\" data-element_type=\"widget\" data-e-type=\"widget\" data-widget_type=\"text-editor.default\">\n\t\t\t\t<div class=\"elementor-widget-container\">\n\t\t\t\t\t\t\t\t\t<p class=\"p1\">Somos un equipo joven con a\u00f1os de experiencia en la renovaci\u00f3n de casas y apartamentos en los Pa\u00edses Bajos. Nuestro sue\u00f1o de mudarnos a Espa\u00f1a se est\u00e1 haciendo realidad y a partir de enero de 2025 instalaremos nuestra empresa constructora en la zona de Alicante. Y esperamos volver a hacer felices a muchas personas con nuestras habilidades de carpinter\u00eda.<\/p>\t\t\t\t\t\t\t\t<\/div>\n\t\t\t\t<\/div>\n\t\t\t\t<div class=\"elementor-element elementor-element-557c15f elementor-widget elementor-widget-button\" data-id=\"557c15f\" data-element_type=\"widget\" data-e-type=\"widget\" data-widget_type=\"button.default\">\n\t\t\t\t<div class=\"elementor-widget-container\">\n\t\t\t\t\t\t\t\t\t<div class=\"elementor-button-wrapper\">\n\t\t\t\t\t<a class=\"elementor-button elementor-button-link elementor-size-sm\" href=\"https:\/\/gls-renovation.com\/es\/about\/\">\n\t\t\t\t\t\t<span class=\"elementor-button-content-wrapper\">\n\t\t\t\t\t\t\t\t\t<span class=\"elementor-button-text\">Leer m\u00e1s<\/span>\n\t\t\t\t\t<\/span>\n\t\t\t\t\t<\/a>\n\t\t\t\t<\/div>\n\t\t\t\t\t\t\t\t<\/div>\n\t\t\t\t<\/div>\n\t\t\t\t\t<\/div>\n\t\t<\/div>\n\t\t\t\t<div class=\"elementor-column elementor-col-50 elementor-top-column elementor-element elementor-element-18d0aa2\" data-id=\"18d0aa2\" data-element_type=\"column\" data-e-type=\"column\">\n\t\t\t<div class=\"elementor-widget-wrap\">\n\t\t\t\t\t\t\t<\/div>\n\t\t<\/div>\n\t\t\t\t\t<\/div>\n\t\t<\/section>\n\t\t\t\t<section class=\"elementor-section elementor-top-section elementor-element elementor-element-b29e65d elementor-reverse-mobile elementor-section-boxed elementor-section-height-default elementor-section-height-default\" data-id=\"b29e65d\" data-element_type=\"section\" data-e-type=\"section\">\n\t\t\t\t\t\t<div class=\"elementor-container elementor-column-gap-default\">\n\t\t\t\t\t<div class=\"elementor-column elementor-col-25 elementor-top-column elementor-element elementor-element-7ec5649\" data-id=\"7ec5649\" data-element_type=\"column\" data-e-type=\"column\">\n\t\t\t<div class=\"elementor-widget-wrap elementor-element-populated\">\n\t\t\t\t\t\t<div class=\"elementor-element elementor-element-51f1fc0 elementor-widget elementor-widget-heading\" data-id=\"51f1fc0\" data-element_type=\"widget\" data-e-type=\"widget\" data-widget_type=\"heading.default\">\n\t\t\t\t<div class=\"elementor-widget-container\">\n\t\t\t\t\t<h2 class=\"elementor-heading-title elementor-size-default\">\u00bfQu\u00e9 ofrecemos?<\/h2>\t\t\t\t<\/div>\n\t\t\t\t<\/div>\n\t\t\t\t<div class=\"elementor-element elementor-element-5b716ae elementor-widget elementor-widget-text-editor\" data-id=\"5b716ae\" data-element_type=\"widget\" data-e-type=\"widget\" data-widget_type=\"text-editor.default\">\n\t\t\t\t<div class=\"elementor-widget-container\">\n\t\t\t\t\t\t\t\t\t<p class=\"p1\">El principal objetivo de GLS Renovation es renovar viviendas existentes y hacerlas m\u00e1s ecol\u00f3gicas. Mientras que muchos contratistas de esta zona solo trabajan en la construcci\u00f3n de villas o nuevos complejos de apartamentos lejos de la ciudad, nuestro objetivo es llevar la comodidad de un apartamento nuevo al centro de la ciudad o a la playa. De esta manera, puede disfrutar f\u00e1cilmente de todo lo que la ciudad tiene para ofrecer sin necesidad de un taxi.<\/p><p class=\"p1\">Si esto le parece bien, \u00a1cont\u00e1ctenos pronto!<\/p>\t\t\t\t\t\t\t\t<\/div>\n\t\t\t\t<\/div>\n\t\t\t\t<div class=\"elementor-element elementor-element-866cfb2 elementor-widget elementor-widget-button\" data-id=\"866cfb2\" data-element_type=\"widget\" data-e-type=\"widget\" data-widget_type=\"button.default\">\n\t\t\t\t<div class=\"elementor-widget-container\">\n\t\t\t\t\t\t\t\t\t<div class=\"elementor-button-wrapper\">\n\t\t\t\t\t<a class=\"elementor-button elementor-button-link elementor-size-sm\" href=\"https:\/\/gls-renovation.com\/es\/contact\/\">\n\t\t\t\t\t\t<span class=\"elementor-button-content-wrapper\">\n\t\t\t\t\t\t\t\t\t<span class=\"elementor-button-text\">Contacto<\/span>\n\t\t\t\t\t<\/span>\n\t\t\t\t\t<\/a>\n\t\t\t\t<\/div>\n\t\t\t\t\t\t\t\t<\/div>\n\t\t\t\t<\/div>\n\t\t\t\t\t<\/div>\n\t\t<\/div>\n\t\t\t\t<div class=\"elementor-column elementor-col-25 elementor-top-column elementor-element elementor-element-1aa9d27\" data-id=\"1aa9d27\" data-element_type=\"column\" data-e-type=\"column\">\n\t\t\t<div class=\"elementor-widget-wrap elementor-element-populated\">\n\t\t\t\t\t\t<div class=\"elementor-element elementor-element-2e88fb0 elementor-widget elementor-widget-image\" data-id=\"2e88fb0\" data-element_type=\"widget\" data-e-type=\"widget\" data-widget_type=\"image.default\">\n\t\t\t\t<div class=\"elementor-widget-container\">\n\t\t\t\t\t\t\t\t\t\t\t\t\t\t\t<img decoding=\"async\" src=\"https:\/\/gls-renovation.com\/wp-content\/uploads\/elementor\/thumbs\/WhatsApp-Image-2025-10-15-at-19.32.29-rdbuwta4eq2cmtn0j9t25c1xlegcf7qfdwx3emz01w.jpeg\" title=\"Apartamento Benidorm\" alt=\"Apartamento con sala de estar totalmente reformado en Benidorm\" loading=\"lazy\" \/>\t\t\t\t\t\t\t\t\t\t\t\t\t\t\t<\/div>\n\t\t\t\t<\/div>\n\t\t\t\t\t<\/div>\n\t\t<\/div>\n\t\t\t\t<div class=\"elementor-column elementor-col-50 elementor-top-column elementor-element elementor-element-ff323fe\" data-id=\"ff323fe\" data-element_type=\"column\" data-e-type=\"column\">\n\t\t\t<div class=\"elementor-widget-wrap\">\n\t\t\t\t\t\t\t<\/div>\n\t\t<\/div>\n\t\t\t\t\t<\/div>\n\t\t<\/section>\n\t\t\t\t<\/div>","protected":false},"excerpt":{"rendered":"<p>https:\/\/gls-renovation.com\/wp-content\/uploads\/2025\/10\/DJI_20250529130315_0440_D-1.mp4https:\/\/gls-renovation.com\/wp-content\/uploads\/2025\/10\/038e2bf840a94e63adbc381798aeeaab.mov Expert Home Renovations in Costa Blanca GLS Renovation makes your apartment eco-friendly and renovate it like new, so you can enjoy the vibrant cities or beaches nearby. Whether you&#8217;re looking to revamp your kitchen, update your bathroom, or give your entire apartment a fresh makeover, we ensure every detail aligns with your vision and [&hellip;]<\/p>\n","protected":false},"author":1,"featured_media":0,"parent":0,"menu_order":0,"comment_status":"closed","ping_status":"closed","template":"","meta":{"footnotes":""},"class_list":["post-8","page","type-page","status-publish","hentry"],"_links":{"self":[{"href":"https:\/\/gls-renovation.com\/es\/wp-json\/wp\/v2\/pages\/8","targetHints":{"allow":["GET"]}}],"collection":[{"href":"https:\/\/gls-renovation.com\/es\/wp-json\/wp\/v2\/pages"}],"about":[{"href":"https:\/\/gls-renovation.com\/es\/wp-json\/wp\/v2\/types\/page"}],"author":[{"embeddable":true,"href":"https:\/\/gls-renovation.com\/es\/wp-json\/wp\/v2\/users\/1"}],"replies":[{"embeddable":true,"href":"https:\/\/gls-renovation.com\/es\/wp-json\/wp\/v2\/comments?post=8"}],"version-history":[{"count":110,"href":"https:\/\/gls-renovation.com\/es\/wp-json\/wp\/v2\/pages\/8\/revisions"}],"predecessor-version":[{"id":574,"href":"https:\/\/gls-renovation.com\/es\/wp-json\/wp\/v2\/pages\/8\/revisions\/574"}],"wp:attachment":[{"href":"https:\/\/gls-renovation.com\/es\/wp-json\/wp\/v2\/media?parent=8"}],"curies":[{"name":"wp","href":"https:\/\/api.w.org\/{rel}","templated":true}]}}